{"id":76,"date":"2019-08-28T22:12:40","date_gmt":"2019-08-28T20:12:40","guid":{"rendered":"http:\/\/doresco.fr\/?page_id=76"},"modified":"2020-02-17T01:11:55","modified_gmt":"2020-02-17T00:11:55","slug":"restauration","status":"publish","type":"page","link":"https:\/\/doresco.fr\/index.php\/restauration\/","title":{"rendered":"Restauration de dorure"},"content":{"rendered":"<p>[et_pb_section bb_built=&#8221;1&#8243; module_id=&#8221;my-particles&#8221; _builder_version=&#8221;3.26.4&#8243; custom_padding=&#8221;0px||8px|||&#8221; z_index_tablet=&#8221;500&#8243; box_shadow_horizontal_tablet=&#8221;0px&#8221; box_shadow_vertical_tablet=&#8221;0px&#8221; box_shadow_blur_tablet=&#8221;40px&#8221; box_shadow_spread_tablet=&#8221;0px&#8221; next_background_color=&#8221;#000000&#8243;][et_pb_row _builder_version=&#8221;3.26.4&#8243; background_size=&#8221;initial&#8221; background_position=&#8221;top_left&#8221; background_repeat=&#8221;repeat&#8221; column_structure=&#8221;1_2,1_2&#8243; use_custom_gutter=&#8221;on&#8221; make_equal=&#8221;on&#8221; max_width=&#8221;2560px&#8221;][et_pb_column type=&#8221;4_4&#8243;][et_pb_text _builder_version=&#8221;3.26.4&#8243; background_color=&#8221;#ffffff&#8221; z_index_tablet=&#8221;500&#8243; text_text_shadow_horizontal_length_tablet=&#8221;0px&#8221; text_text_shadow_vertical_length_tablet=&#8221;0px&#8221; text_text_shadow_blur_strength_tablet=&#8221;1px&#8221; link_text_shadow_horizontal_length_tablet=&#8221;0px&#8221; link_text_shadow_vertical_length_tablet=&#8221;0px&#8221; link_text_shadow_blur_strength_tablet=&#8221;1px&#8221; ul_text_shadow_horizontal_length_tablet=&#8221;0px&#8221; ul_text_shadow_vertical_length_tablet=&#8221;0px&#8221; ul_text_shadow_blur_strength_tablet=&#8221;1px&#8221; ol_text_shadow_horizontal_length_tablet=&#8221;0px&#8221; ol_text_shadow_vertical_length_tablet=&#8221;0px&#8221; ol_text_shadow_blur_strength_tablet=&#8221;1px&#8221; quote_text_shadow_horizontal_length_tablet=&#8221;0px&#8221; quote_text_shadow_vertical_length_tablet=&#8221;0px&#8221; quote_text_shadow_blur_strength_tablet=&#8221;1px&#8221; header_text_shadow_horizontal_length_tablet=&#8221;0px&#8221; header_text_shadow_vertical_length_tablet=&#8221;0px&#8221; header_text_shadow_blur_strength_tablet=&#8221;1px&#8221; header_2_text_shadow_horizontal_length_tablet=&#8221;0px&#8221; header_2_text_shadow_vertical_length_tablet=&#8221;0px&#8221; header_2_text_shadow_blur_strength_tablet=&#8221;1px&#8221; header_3_text_shadow_horizontal_length_tablet=&#8221;0px&#8221; header_3_text_shadow_vertical_length_tablet=&#8221;0px&#8221; header_3_text_shadow_blur_strength_tablet=&#8221;1px&#8221; header_4_text_shadow_horizontal_length_tablet=&#8221;0px&#8221; header_4_text_shadow_vertical_length_tablet=&#8221;0px&#8221; header_4_text_shadow_blur_strength_tablet=&#8221;1px&#8221; header_5_text_shadow_horizontal_length_tablet=&#8221;0px&#8221; header_5_text_shadow_vertical_length_tablet=&#8221;0px&#8221; header_5_text_shadow_blur_strength_tablet=&#8221;1px&#8221; header_6_text_shadow_horizontal_length_tablet=&#8221;0px&#8221; header_6_text_shadow_vertical_length_tablet=&#8221;0px&#8221; header_6_text_shadow_blur_strength_tablet=&#8221;1px&#8221; box_shadow_horizontal_tablet=&#8221;0px&#8221; box_shadow_vertical_tablet=&#8221;0px&#8221; box_shadow_blur_tablet=&#8221;40px&#8221; box_shadow_spread_tablet=&#8221;0px&#8221;]<\/p>\n<h3>La conservation-restauration<\/h3>\n<p>&nbsp;<\/p>\n<p>&nbsp;<\/p>\n<p>La <strong>dorure sur bois<\/strong> ob\u00e9it \u00e0 des protocoles immuables depuis le XVIe si\u00e8cle, qui maximisent la qualit\u00e9 des dorures \u00e0 la feuille d\u2019or ou d\u2019argent. La restauration implique donc l\u2019utilisation des techniques originelles qui garantissent le meilleur r\u00e9sultat possible (long\u00e9vit\u00e9 d\u2019une dorure, parfaite compatibilit\u00e9 des produits utilis\u00e9s, r\u00e9sultat esth\u00e9tique). Le savoir-faire du praticien r\u00e9side dans l\u2019int\u00e9gration des zones restaur\u00e9es avec l\u2019ancien existant.<\/p>\n<p>Concr\u00e8tement, un doreur avis\u00e9 limite toujours son travail au strict minimum, tant que l\u2019\u00e9tat du bois dor\u00e9 le permet. Il est parfois m\u00eame sacril\u00e8ge d\u2019\u00f4ter la patine naturelle d\u2019un cadre ancien, un nettoyage excessif supprimant l\u2019histoire de l\u2019objet et r\u00e9duisant de mani\u00e8re substantielle sa valeur p\u00e9cuniaire sur le march\u00e9 des connaisseurs. L\u2019inverse abouti \u00e9galement au m\u00eame r\u00e9sultat\u00a0: la redorure int\u00e9grale est une solution de facilit\u00e9 qui est souvent r\u00e9alis\u00e9e par-dessus l\u2019ancien, sans reprise des alt\u00e9rations de support. Sans parler de l\u2019usage si r\u00e9pandu des bronzines et autres faux ors en poudre ou en peinture.<\/p>\n<p>Si une dorure a \u00e9t\u00e9 recouverte de bronzine ou de peinture, il est th\u00e9oriquement possible de retrouver la dorure originale (si tant est qu\u2019elle soit pr\u00e9sente en dessous) en effectuant un d\u00e9capage adapt\u00e9. Cette op\u00e9ration de d\u00e9gagement ne fonctionne qu\u2019avec une dorure \u00e0 la d\u00e9trempe. Il n\u2019est pas possible de r\u00e9cup\u00e9rer une dorure \u00e0 la mixtion badigeonn\u00e9e de bronzine.<\/p>\n<p>Le refixage et la consolidation sont r\u00e9alis\u00e9s avec la colle de peau de lapin, ou dans certains cas avec de la r\u00e9sine acrylique tr\u00e8s stable dans la dur\u00e9e (<em>Paralo\u00efd\u00ae<\/em>).<\/p>\n<p>Le comblement des lacunes est r\u00e9alis\u00e9 avec la traditionnelle \u00ab\u00a0p\u00e2te\u00a0\u00bb du doreur, appr\u00eat sous forme de mastic r\u00e9alis\u00e9 par le doreur avec de la colle de peau de lapin et du Blanc de Meudon. Pr\u00e9cis\u00e9ment appliqu\u00e9s sans d\u00e9border sur l\u2019original, les comblements sont ensuite finement ponc\u00e9s pour un parfait raccordement. Si des op\u00e9rations de reparure sont n\u00e9cessaires, elles sont r\u00e9alis\u00e9es comme \u00e0 l\u2019origine en respectant le style de l\u2019\u0153uvre et la main de l\u2019artisan doreur de l\u2019\u00e9poque.<\/p>\n<p>L\u2019int\u00e9gration des redorures se fait gr\u00e2ce \u00e0 la patine\u00a0: usure de l\u2019or et modification de son \u00e9clat et de sa couleur par superposition de lavis de teintes (\u00e0 l\u2019eau, \u00e0 l\u2019alcool, voir \u00e0 l\u2019huile selon les pratiques). La patine consiste \u00e0 fondre le nouveau avec l\u2019ancien pour une lecture optimale de l\u2019\u0153uvre. Les raccords ne doivent pas \u00eatre d\u00e9celable pour garantir l\u2019homog\u00e9n\u00e9it\u00e9 esth\u00e9tique de l\u2019\u0153uvre ainsi restaur\u00e9e.<\/p>\n<p>Enfin, l\u2019utilisation de la bronzine moderne, le mica, est \u00e0 proscrire car l\u2019aspect de cette dorure factice de nature min\u00e9rale est tr\u00e8s \u00e9loign\u00e9 de celui d\u2019une dorure \u00e0 la feuille d\u2019or. C\u2019est un produit qui est malheureusement tr\u00e8s employ\u00e9 par des professionnels peu scrupuleux et par des restaurateurs incomp\u00e9tents. Il est pr\u00e9f\u00e9rable, pour des petites interventions ponctuelles et tr\u00e8s localis\u00e9es, d\u2019op\u00e9rer une retouche chromatique avec de l\u2019aquarelle, ce qui r\u00e9soudra le probl\u00e8me dans bien des cas sans alt\u00e9rer et d\u00e9naturer l\u2019\u0153uvre.<\/p>\n<p>Les op\u00e9rations de conservations portent g\u00e9n\u00e9ralement sur le traitement d\u2019une alt\u00e9ration de fond visant \u00e0 s\u2019\u00e9tendre (infestation du bois par des xylophages par exemple).<\/p>\n<p>[\/et_pb_text][\/et_pb_column][\/et_pb_row][\/et_pb_section][et_pb_section bb_built=&#8221;1&#8243; fullwidth=&#8221;on&#8221; _builder_version=&#8221;3.22&#8243; prev_background_color=&#8221;#000000&#8243;][et_pb_fullwidth_slider use_bg_overlay=&#8221;off&#8221; use_text_overlay=&#8221;off&#8221; _builder_version=&#8221;3.26.4&#8243; z_index_tablet=&#8221;500&#8243; header_text_shadow_horizontal_length_tablet=&#8221;0px&#8221; header_text_shadow_vertical_length_tablet=&#8221;0px&#8221; header_text_shadow_blur_strength_tablet=&#8221;1px&#8221; body_text_shadow_horizontal_length_tablet=&#8221;0px&#8221; body_text_shadow_vertical_length_tablet=&#8221;0px&#8221; body_text_shadow_blur_strength_tablet=&#8221;1px&#8221; body_link_text_shadow_horizontal_length_tablet=&#8221;0px&#8221; body_link_text_shadow_vertical_length_tablet=&#8221;0px&#8221; body_link_text_shadow_blur_strength_tablet=&#8221;1px&#8221; body_ul_text_shadow_horizontal_length_tablet=&#8221;0px&#8221; body_ul_text_shadow_vertical_length_tablet=&#8221;0px&#8221; body_ul_text_shadow_blur_strength_tablet=&#8221;1px&#8221; body_ol_text_shadow_horizontal_length_tablet=&#8221;0px&#8221; body_ol_text_shadow_vertical_length_tablet=&#8221;0px&#8221; body_ol_text_shadow_blur_strength_tablet=&#8221;1px&#8221; body_quote_text_shadow_horizontal_length_tablet=&#8221;0px&#8221; body_quote_text_shadow_vertical_length_tablet=&#8221;0px&#8221; body_quote_text_shadow_blur_strength_tablet=&#8221;1px&#8221; button_text_shadow_horizontal_length_tablet=&#8221;0px&#8221; button_text_shadow_vertical_length_tablet=&#8221;0px&#8221; button_text_shadow_blur_strength_tablet=&#8221;1px&#8221; box_shadow_horizontal_tablet=&#8221;0px&#8221; box_shadow_vertical_tablet=&#8221;0px&#8221; box_shadow_blur_tablet=&#8221;40px&#8221; box_shadow_spread_tablet=&#8221;0px&#8221; box_shadow_horizontal_image_tablet=&#8221;0px&#8221; box_shadow_vertical_image_tablet=&#8221;0px&#8221; box_shadow_blur_image_tablet=&#8221;40px&#8221; box_shadow_spread_image_tablet=&#8221;0px&#8221; box_shadow_horizontal_button_tablet=&#8221;0px&#8221; box_shadow_vertical_button_tablet=&#8221;0px&#8221; box_shadow_blur_button_tablet=&#8221;40px&#8221; box_shadow_spread_button_tablet=&#8221;0px&#8221; text_shadow_horizontal_length_tablet=&#8221;0px&#8221; text_shadow_vertical_length_tablet=&#8221;0px&#8221; text_shadow_blur_strength_tablet=&#8221;1px&#8221;][et_pb_slide use_bg_overlay=&#8221;off&#8221; use_text_overlay=&#8221;off&#8221; _builder_version=&#8221;3.26.4&#8243; background_image=&#8221;https:\/\/doresco.fr\/wp-content\/uploads\/2019\/09\/IMG_3990.jpg&#8221; parallax=&#8221;on&#8221; button_on_hover=&#8221;on&#8221; header_text_shadow_horizontal_length_tablet=&#8221;0px&#8221; header_text_shadow_horizontal_length_phone=&#8221;0px&#8221; header_text_shadow_vertical_length_tablet=&#8221;0px&#8221; header_text_shadow_vertical_length_phone=&#8221;0px&#8221; header_text_shadow_blur_strength_tablet=&#8221;1px&#8221; header_text_shadow_blur_strength_phone=&#8221;1px&#8221; body_text_shadow_horizontal_length_tablet=&#8221;0px&#8221; body_text_shadow_horizontal_length_phone=&#8221;0px&#8221; body_text_shadow_vertical_length_tablet=&#8221;0px&#8221; body_text_shadow_vertical_length_phone=&#8221;0px&#8221; body_text_shadow_blur_strength_tablet=&#8221;1px&#8221; body_text_shadow_blur_strength_phone=&#8221;1px&#8221; body_link_text_shadow_horizontal_length_tablet=&#8221;0px&#8221; body_link_text_shadow_horizontal_length_phone=&#8221;0px&#8221; body_link_text_shadow_vertical_length_tablet=&#8221;0px&#8221; body_link_text_shadow_vertical_length_phone=&#8221;0px&#8221; body_link_text_shadow_blur_strength_tablet=&#8221;1px&#8221; body_link_text_shadow_blur_strength_phone=&#8221;1px&#8221; body_ul_text_shadow_horizontal_length_tablet=&#8221;0px&#8221; body_ul_text_shadow_horizontal_length_phone=&#8221;0px&#8221; body_ul_text_shadow_vertical_length_tablet=&#8221;0px&#8221; body_ul_text_shadow_vertical_length_phone=&#8221;0px&#8221; body_ul_text_shadow_blur_strength_tablet=&#8221;1px&#8221; body_ul_text_shadow_blur_strength_phone=&#8221;1px&#8221; body_ol_text_shadow_horizontal_length_tablet=&#8221;0px&#8221; body_ol_text_shadow_horizontal_length_phone=&#8221;0px&#8221; body_ol_text_shadow_vertical_length_tablet=&#8221;0px&#8221; body_ol_text_shadow_vertical_length_phone=&#8221;0px&#8221; body_ol_text_shadow_blur_strength_tablet=&#8221;1px&#8221; body_ol_text_shadow_blur_strength_phone=&#8221;1px&#8221; body_quote_text_shadow_horizontal_length_tablet=&#8221;0px&#8221; body_quote_text_shadow_horizontal_length_phone=&#8221;0px&#8221; body_quote_text_shadow_vertical_length_tablet=&#8221;0px&#8221; body_quote_text_shadow_vertical_length_phone=&#8221;0px&#8221; body_quote_text_shadow_blur_strength_tablet=&#8221;1px&#8221; body_quote_text_shadow_blur_strength_phone=&#8221;1px&#8221; background_color_gradient_direction_tablet=&#8221;180deg&#8221; background_color_gradient_direction_phone=&#8221;180deg&#8221; background_color_gradient_start_position_tablet=&#8221;0%&#8221; background_color_gradient_start_position_phone=&#8221;0%&#8221; background_color_gradient_end_position_tablet=&#8221;100%&#8221; background_color_gradient_end_position_phone=&#8221;100%&#8221; button_text_shadow_horizontal_length_tablet=&#8221;0px&#8221; button_text_shadow_horizontal_length_phone=&#8221;0px&#8221; button_text_shadow_vertical_length_tablet=&#8221;0px&#8221; button_text_shadow_vertical_length_phone=&#8221;0px&#8221; button_text_shadow_blur_strength_tablet=&#8221;1px&#8221; button_text_shadow_blur_strength_phone=&#8221;1px&#8221; box_shadow_horizontal_image_tablet=&#8221;0px&#8221; box_shadow_horizontal_image_phone=&#8221;0px&#8221; box_shadow_vertical_image_tablet=&#8221;0px&#8221; box_shadow_vertical_image_phone=&#8221;0px&#8221; box_shadow_blur_image_tablet=&#8221;40px&#8221; box_shadow_blur_image_phone=&#8221;40px&#8221; box_shadow_spread_image_tablet=&#8221;0px&#8221; box_shadow_spread_image_phone=&#8221;0px&#8221; box_shadow_horizontal_button_tablet=&#8221;0px&#8221; box_shadow_horizontal_button_phone=&#8221;0px&#8221; box_shadow_vertical_button_tablet=&#8221;0px&#8221; box_shadow_vertical_button_phone=&#8221;0px&#8221; box_shadow_blur_button_tablet=&#8221;40px&#8221; box_shadow_blur_button_phone=&#8221;40px&#8221; box_shadow_spread_button_tablet=&#8221;0px&#8221; box_shadow_spread_button_phone=&#8221;0px&#8221; child_filter_hue_rotate_tablet=&#8221;0deg&#8221; child_filter_hue_rotate_phone=&#8221;0deg&#8221; child_filter_saturate_tablet=&#8221;100%&#8221; child_filter_saturate_phone=&#8221;100%&#8221; child_filter_brightness_tablet=&#8221;100%&#8221; child_filter_brightness_phone=&#8221;100%&#8221; child_filter_contrast_tablet=&#8221;100%&#8221; child_filter_contrast_phone=&#8221;100%&#8221; child_filter_invert_tablet=&#8221;0%&#8221; child_filter_invert_phone=&#8221;0%&#8221; child_filter_sepia_tablet=&#8221;0%&#8221; child_filter_sepia_phone=&#8221;0%&#8221; child_filter_opacity_tablet=&#8221;100%&#8221; child_filter_opacity_phone=&#8221;100%&#8221; child_filter_blur_tablet=&#8221;0px&#8221; child_filter_blur_phone=&#8221;0px&#8221; hover_transition_duration_tablet=&#8221;300ms&#8221; hover_transition_duration_phone=&#8221;300ms&#8221; hover_transition_delay_tablet=&#8221;0ms&#8221; hover_transition_delay_phone=&#8221;0ms&#8221; text_shadow_horizontal_length_tablet=&#8221;0px&#8221; text_shadow_horizontal_length_phone=&#8221;0px&#8221; text_shadow_vertical_length_tablet=&#8221;0px&#8221; text_shadow_vertical_length_phone=&#8221;0px&#8221; text_shadow_blur_strength_tablet=&#8221;1px&#8221; text_shadow_blur_strength_phone=&#8221;1px&#8221;][\/et_pb_slide][\/et_pb_fullwidth_slider][\/et_pb_section]<\/p>\n","protected":false},"excerpt":{"rendered":"<p>[et_pb_section bb_built=&#8221;1&#8243; module_id=&#8221;my-particles&#8221; _builder_version=&#8221;3.26.4&#8243; custom_padding=&#8221;0px||8px|||&#8221; z_index_tablet=&#8221;500&#8243; box_shadow_horizontal_tablet=&#8221;0px&#8221; box_shadow_vertical_tablet=&#8221;0px&#8221; box_shadow_blur_tablet=&#8221;40px&#8221; box_shadow_spread_tablet=&#8221;0px&#8221; next_background_color=&#8221;#000000&#8243;][et_pb_row _builder_version=&#8221;3.26.4&#8243; background_size=&#8221;initial&#8221; background_position=&#8221;top_left&#8221; background_repeat=&#8221;repeat&#8221; column_structure=&#8221;1_2,1_2&#8243; use_custom_gutter=&#8221;on&#8221; make_equal=&#8221;on&#8221; max_width=&#8221;2560px&#8221;][et_pb_column type=&#8221;4_4&#8243;][et_pb_text _builder_version=&#8221;3.26.4&#8243; background_color=&#8221;#ffffff&#8221; z_index_tablet=&#8221;500&#8243; text_text_shadow_horizontal_length_tablet=&#8221;0px&#8221; text_text_shadow_vertical_length_tablet=&#8221;0px&#8221; text_text_shadow_blur_strength_tablet=&#8221;1px&#8221; link_text_shadow_horizontal_length_tablet=&#8221;0px&#8221; link_text_shadow_vertical_length_tablet=&#8221;0px&#8221; link_text_shadow_blur_strength_tablet=&#8221;1px&#8221; ul_text_shadow_horizontal_length_tablet=&#8221;0px&#8221; ul_text_shadow_vertical_length_tablet=&#8221;0px&#8221; ul_text_shadow_blur_strength_tablet=&#8221;1px&#8221; ol_text_shadow_horizontal_length_tablet=&#8221;0px&#8221; ol_text_shadow_vertical_length_tablet=&#8221;0px&#8221; ol_text_shadow_blur_strength_tablet=&#8221;1px&#8221; quote_text_shadow_horizontal_length_tablet=&#8221;0px&#8221; quote_text_shadow_vertical_length_tablet=&#8221;0px&#8221; quote_text_shadow_blur_strength_tablet=&#8221;1px&#8221; header_text_shadow_horizontal_length_tablet=&#8221;0px&#8221; header_text_shadow_vertical_length_tablet=&#8221;0px&#8221; header_text_shadow_blur_strength_tablet=&#8221;1px&#8221; header_2_text_shadow_horizontal_length_tablet=&#8221;0px&#8221; header_2_text_shadow_vertical_length_tablet=&#8221;0px&#8221; header_2_text_shadow_blur_strength_tablet=&#8221;1px&#8221; header_3_text_shadow_horizontal_length_tablet=&#8221;0px&#8221; header_3_text_shadow_vertical_length_tablet=&#8221;0px&#8221; header_3_text_shadow_blur_strength_tablet=&#8221;1px&#8221; header_4_text_shadow_horizontal_length_tablet=&#8221;0px&#8221; header_4_text_shadow_vertical_length_tablet=&#8221;0px&#8221; header_4_text_shadow_blur_strength_tablet=&#8221;1px&#8221; header_5_text_shadow_horizontal_length_tablet=&#8221;0px&#8221; header_5_text_shadow_vertical_length_tablet=&#8221;0px&#8221; header_5_text_shadow_blur_strength_tablet=&#8221;1px&#8221; header_6_text_shadow_horizontal_length_tablet=&#8221;0px&#8221; header_6_text_shadow_vertical_length_tablet=&#8221;0px&#8221; [&hellip;]<\/p>\n","protected":false},"author":1,"featured_media":0,"parent":0,"menu_order":0,"comment_status":"closed","ping_status":"closed","template":"","meta":{"_et_pb_use_builder":"on","_et_pb_old_content":""},"yoast_head":"<!-- This site is optimized with the Yoast SEO plugin v15.9.1 - https:\/\/yoast.com\/wordpress\/plugins\/seo\/ -->\n<title>Restauration de dorure | Doresco<\/title>\n<meta name=\"robots\" content=\"index, follow, max-snippet:-1, max-image-preview:large, max-video-preview:-1\" \/>\n<link rel=\"canonical\" href=\"https:\/\/doresco.fr\/index.php\/restauration\/\" \/>\n<meta property=\"og:locale\" content=\"fr_FR\" \/>\n<meta property=\"og:type\" content=\"article\" \/>\n<meta property=\"og:title\" content=\"Restauration de dorure | Doresco\" \/>\n<meta property=\"og:description\" content=\"[et_pb_section bb_built=&#8221;1&#8243; module_id=&#8221;my-particles&#8221; _builder_version=&#8221;3.26.4&#8243; custom_padding=&#8221;0px||8px|||&#8221; z_index_tablet=&#8221;500&#8243; box_shadow_horizontal_tablet=&#8221;0px&#8221; box_shadow_vertical_tablet=&#8221;0px&#8221; box_shadow_blur_tablet=&#8221;40px&#8221; box_shadow_spread_tablet=&#8221;0px&#8221; next_background_color=&#8221;#000000&#8243;][et_pb_row _builder_version=&#8221;3.26.4&#8243; background_size=&#8221;initial&#8221; background_position=&#8221;top_left&#8221; background_repeat=&#8221;repeat&#8221; column_structure=&#8221;1_2,1_2&#8243; use_custom_gutter=&#8221;on&#8221; make_equal=&#8221;on&#8221; max_width=&#8221;2560px&#8221;][et_pb_column type=&#8221;4_4&#8243;][et_pb_text _builder_version=&#8221;3.26.4&#8243; background_color=&#8221;#ffffff&#8221; z_index_tablet=&#8221;500&#8243; text_text_shadow_horizontal_length_tablet=&#8221;0px&#8221; text_text_shadow_vertical_length_tablet=&#8221;0px&#8221; text_text_shadow_blur_strength_tablet=&#8221;1px&#8221; link_text_shadow_horizontal_length_tablet=&#8221;0px&#8221; link_text_shadow_vertical_length_tablet=&#8221;0px&#8221; link_text_shadow_blur_strength_tablet=&#8221;1px&#8221; ul_text_shadow_horizontal_length_tablet=&#8221;0px&#8221; ul_text_shadow_vertical_length_tablet=&#8221;0px&#8221; ul_text_shadow_blur_strength_tablet=&#8221;1px&#8221; ol_text_shadow_horizontal_length_tablet=&#8221;0px&#8221; ol_text_shadow_vertical_length_tablet=&#8221;0px&#8221; ol_text_shadow_blur_strength_tablet=&#8221;1px&#8221; quote_text_shadow_horizontal_length_tablet=&#8221;0px&#8221; quote_text_shadow_vertical_length_tablet=&#8221;0px&#8221; quote_text_shadow_blur_strength_tablet=&#8221;1px&#8221; header_text_shadow_horizontal_length_tablet=&#8221;0px&#8221; header_text_shadow_vertical_length_tablet=&#8221;0px&#8221; header_text_shadow_blur_strength_tablet=&#8221;1px&#8221; header_2_text_shadow_horizontal_length_tablet=&#8221;0px&#8221; header_2_text_shadow_vertical_length_tablet=&#8221;0px&#8221; header_2_text_shadow_blur_strength_tablet=&#8221;1px&#8221; header_3_text_shadow_horizontal_length_tablet=&#8221;0px&#8221; header_3_text_shadow_vertical_length_tablet=&#8221;0px&#8221; header_3_text_shadow_blur_strength_tablet=&#8221;1px&#8221; header_4_text_shadow_horizontal_length_tablet=&#8221;0px&#8221; header_4_text_shadow_vertical_length_tablet=&#8221;0px&#8221; header_4_text_shadow_blur_strength_tablet=&#8221;1px&#8221; header_5_text_shadow_horizontal_length_tablet=&#8221;0px&#8221; header_5_text_shadow_vertical_length_tablet=&#8221;0px&#8221; header_5_text_shadow_blur_strength_tablet=&#8221;1px&#8221; header_6_text_shadow_horizontal_length_tablet=&#8221;0px&#8221; header_6_text_shadow_vertical_length_tablet=&#8221;0px&#8221; [&hellip;]\" \/>\n<meta property=\"og:url\" content=\"https:\/\/doresco.fr\/index.php\/restauration\/\" \/>\n<meta property=\"og:site_name\" content=\"Doresco\" \/>\n<meta property=\"article:modified_time\" content=\"2020-02-17T00:11:55+00:00\" \/>\n<meta name=\"twitter:card\" content=\"summary_large_image\" \/>\n<meta name=\"twitter:label1\" content=\"Dur\u00e9e de lecture est.\">\n\t<meta name=\"twitter:data1\" content=\"9 minutes\">\n<script type=\"application\/ld+json\" class=\"yoast-schema-graph\">{\"@context\":\"https:\/\/schema.org\",\"@graph\":[{\"@type\":\"Organization\",\"@id\":\"https:\/\/doresco.fr\/#organization\",\"name\":\"Doresco\",\"url\":\"https:\/\/doresco.fr\/\",\"sameAs\":[],\"logo\":{\"@type\":\"ImageObject\",\"@id\":\"https:\/\/doresco.fr\/#logo\",\"inLanguage\":\"fr-FR\",\"url\":\"https:\/\/doresco.fr\/wp-content\/uploads\/2020\/02\/doresco_ombrage-copie-1.png\",\"width\":1269,\"height\":322,\"caption\":\"Doresco\"},\"image\":{\"@id\":\"https:\/\/doresco.fr\/#logo\"}},{\"@type\":\"WebSite\",\"@id\":\"https:\/\/doresco.fr\/#website\",\"url\":\"https:\/\/doresco.fr\/\",\"name\":\"Doresco\",\"description\":\"dorure sur bois, sp\\u00e9cialiste de la conservation-restauration de bois dor\\u00e9s\",\"publisher\":{\"@id\":\"https:\/\/doresco.fr\/#organization\"},\"potentialAction\":[{\"@type\":\"SearchAction\",\"target\":\"https:\/\/doresco.fr\/?s={search_term_string}\",\"query-input\":\"required name=search_term_string\"}],\"inLanguage\":\"fr-FR\"},{\"@type\":\"WebPage\",\"@id\":\"https:\/\/doresco.fr\/index.php\/restauration\/#webpage\",\"url\":\"https:\/\/doresco.fr\/index.php\/restauration\/\",\"name\":\"Restauration de dorure | Doresco\",\"isPartOf\":{\"@id\":\"https:\/\/doresco.fr\/#website\"},\"datePublished\":\"2019-08-28T20:12:40+00:00\",\"dateModified\":\"2020-02-17T00:11:55+00:00\",\"breadcrumb\":{\"@id\":\"https:\/\/doresco.fr\/index.php\/restauration\/#breadcrumb\"},\"inLanguage\":\"fr-FR\",\"potentialAction\":[{\"@type\":\"ReadAction\",\"target\":[\"https:\/\/doresco.fr\/index.php\/restauration\/\"]}]},{\"@type\":\"BreadcrumbList\",\"@id\":\"https:\/\/doresco.fr\/index.php\/restauration\/#breadcrumb\",\"itemListElement\":[{\"@type\":\"ListItem\",\"position\":1,\"item\":{\"@type\":\"WebPage\",\"@id\":\"https:\/\/doresco.fr\/\",\"url\":\"https:\/\/doresco.fr\/\",\"name\":\"Accueil\"}},{\"@type\":\"ListItem\",\"position\":2,\"item\":{\"@type\":\"WebPage\",\"@id\":\"https:\/\/doresco.fr\/index.php\/restauration\/\",\"url\":\"https:\/\/doresco.fr\/index.php\/restauration\/\",\"name\":\"Restauration de dorure\"}}]}]}<\/script>\n<!-- \/ Yoast SEO plugin. -->","_links":{"self":[{"href":"https:\/\/doresco.fr\/index.php\/wp-json\/wp\/v2\/pages\/76"}],"collection":[{"href":"https:\/\/doresco.fr\/index.php\/wp-json\/wp\/v2\/pages"}],"about":[{"href":"https:\/\/doresco.fr\/index.php\/wp-json\/wp\/v2\/types\/page"}],"author":[{"embeddable":true,"href":"https:\/\/doresco.fr\/index.php\/wp-json\/wp\/v2\/users\/1"}],"replies":[{"embeddable":true,"href":"https:\/\/doresco.fr\/index.php\/wp-json\/wp\/v2\/comments?post=76"}],"version-history":[{"count":20,"href":"https:\/\/doresco.fr\/index.php\/wp-json\/wp\/v2\/pages\/76\/revisions"}],"predecessor-version":[{"id":734,"href":"https:\/\/doresco.fr\/index.php\/wp-json\/wp\/v2\/pages\/76\/revisions\/734"}],"wp:attachment":[{"href":"https:\/\/doresco.fr\/index.php\/wp-json\/wp\/v2\/media?parent=76"}],"curies":[{"name":"wp","href":"https:\/\/api.w.org\/{rel}","templated":true}]}}