{"id":72,"date":"2019-08-28T22:11:30","date_gmt":"2019-08-28T20:11:30","guid":{"rendered":"http:\/\/doresco.fr\/?page_id=72"},"modified":"2020-03-08T13:44:24","modified_gmt":"2020-03-08T12:44:24","slug":"techniques","status":"publish","type":"page","link":"https:\/\/doresco.fr\/index.php\/techniques\/","title":{"rendered":"Le m\u00e9tier de doreur"},"content":{"rendered":"<p>[et_pb_section fb_built=&#8221;1&#8243; disabled_on=&#8221;off|off|off&#8221; module_id=&#8221;my-particles&#8221; _builder_version=&#8221;3.26.4&#8243;][et_pb_row column_structure=&#8221;1_2,1_2&#8243; _builder_version=&#8221;3.26.4&#8243;][et_pb_column type=&#8221;1_2&#8243; _builder_version=&#8221;3.26.4&#8243;][et_pb_text _builder_version=&#8221;3.26.4&#8243; background_color=&#8221;#ffffff&#8221;]<\/p>\n<h3 style=\"text-align: justify;\">Des savoirs faire traditionnels<\/h3>\n<p style=\"text-align: justify;\">La dorure sur bois d\u00e9signe l\u2019ensemble des op\u00e9rations n\u00e9cessaires pour appliquer une dorure \u00e0 la feuille sur un support en bois. La pose de la feuille d\u2019or n\u2019est qu\u2019une des \u00e9tapes de ce long processus\u00a0: d\u00e9graissage du bois, encollage, appr\u00eatage (plusieurs couches), adoucissage-pon\u00e7age, reparure, application du jaune d\u2019encollage, couchage de l\u2019assiette, chiennage, dorure, brunissage, matage, patine.<\/p>\n<p style=\"text-align: justify;\">Le produit de base du doreur sur bois n\u2019est pas l\u2019or mais la colle de peau de lapin. C\u2019est ce collag\u00e8ne animal qui permet de r\u00e9aliser les plus belles dorures. Cette colle est additionn\u00e9e de Blanc de Meudon (carbonate de calcium) pour pr\u00e9parer l\u2019encollage et les appr\u00eats, de pigment ocre jaune pour pr\u00e9parer le jaune d\u2019encollage, et d\u2019argile rouge (Bol d\u2019Arm\u00e9nie) pour pr\u00e9parer l\u2019assiette. A noter que toutes ces pr\u00e9parations s\u2019appliquent \u00e0 chaud.<\/p>\n<p style=\"text-align: justify;\">Il existe deux techniques traditionnelles de dorure \u00e0 la feuille\u00a0: \u00e0 la d\u00e9trempe (dite aussi dorure \u00e0 l\u2019eau), et \u00e0 la mixtion (dite aussi dorure \u00e0 l\u2019huile). La d\u00e9trempe est possible exclusivement sur une base de colle de peau de lapin (appr\u00eat et assiette). La dorure \u00e0 la mixtion est applicable sur tous types de support d\u00e8s l\u2019instant o\u00f9 ce dernier est (rendu) non poreux.<\/p>\n<p style=\"text-align: justify;\">L\u2019or qu\u2019utilise le doreur se pr\u00e9sente sous forme de petites feuilles carr\u00e9es (g\u00e9n\u00e9ralement 8cm x 8cm) extr\u00eamement fines. Il en va de m\u00eame pour d\u2019autres m\u00e9taux tels l\u2019argent et le palladium.<\/p>\n<p>[\/et_pb_text][\/et_pb_column][et_pb_column type=&#8221;1_2&#8243; _builder_version=&#8221;3.26.4&#8243;][et_pb_social_media_follow _builder_version=&#8221;3.26.4&#8243; custom_button=&#8221;on&#8221; text_orientation=&#8221;right&#8221; z_index_tablet=&#8221;500&#8243; button_text_shadow_horizontal_length_tablet=&#8221;0px&#8221; button_text_shadow_vertical_length_tablet=&#8221;0px&#8221; button_text_shadow_blur_strength_tablet=&#8221;1px&#8221; box_shadow_horizontal_tablet=&#8221;0px&#8221; box_shadow_vertical_tablet=&#8221;0px&#8221; box_shadow_blur_tablet=&#8221;40px&#8221; box_shadow_spread_tablet=&#8221;0px&#8221; box_shadow_horizontal_button_tablet=&#8221;0px&#8221; box_shadow_vertical_button_tablet=&#8221;0px&#8221; box_shadow_blur_button_tablet=&#8221;40px&#8221; box_shadow_spread_button_tablet=&#8221;0px&#8221; text_shadow_horizontal_length_tablet=&#8221;0px&#8221; text_shadow_vertical_length_tablet=&#8221;0px&#8221; text_shadow_blur_strength_tablet=&#8221;1px&#8221; saved_tabs=&#8221;all&#8221; global_module=&#8221;684&#8243;][et_pb_social_media_follow_network social_network=&#8221;facebook&#8221; url=&#8221;https:\/\/www.facebook.com\/atelier-doresco-112275013672839\/&#8221; _builder_version=&#8221;3.26.4&#8243; background_color=&#8221;#C99D66&#8243; background_enable_color=&#8221;on&#8221; follow_button=&#8221;off&#8221; url_new_window=&#8221;on&#8221;]facebook[\/et_pb_social_media_follow_network][et_pb_social_media_follow_network social_network=&#8221;instagram&#8221; url=&#8221;https:\/\/www.facebook.com\/atelier-doresco-112275013672839\/&#8221; _builder_version=&#8221;3.26.4&#8243; background_color=&#8221;#C99D66&#8243; background_enable_color=&#8221;on&#8221; follow_button=&#8221;off&#8221; url_new_window=&#8221;on&#8221;]instagram[\/et_pb_social_media_follow_network][\/et_pb_social_media_follow][et_pb_image src=&#8221;https:\/\/doresco.fr\/wp-content\/uploads\/2019\/09\/IMG_7791.jpg&#8221; disabled_on=&#8221;off|off|off&#8221; _builder_version=&#8221;3.26.4&#8243; background_image=&#8221;https:\/\/doresco.fr\/wp-content\/uploads\/2019\/09\/IMG_6500.jpg&#8221; transform_scale=&#8221;110%|110%&#8221; transform_translate=&#8221;0px|80px&#8221;][\/et_pb_image][\/et_pb_column][\/et_pb_row][et_pb_row column_structure=&#8221;1_2,1_2&#8243; _builder_version=&#8221;3.26.4&#8243;][et_pb_column type=&#8221;1_2&#8243; _builder_version=&#8221;3.26.4&#8243;][et_pb_image src=&#8221;https:\/\/doresco.fr\/wp-content\/uploads\/2019\/09\/IMG_5450.jpg&#8221; disabled_on=&#8221;on|on|off&#8221; _builder_version=&#8221;3.26.4&#8243; transform_scale=&#8221;110%|110%&#8221; transform_translate=&#8221;0px|30px&#8221; transform_translate_linked=&#8221;off&#8221;][\/et_pb_image][\/et_pb_column][et_pb_column type=&#8221;1_2&#8243; _builder_version=&#8221;3.26.4&#8243;][et_pb_text _builder_version=&#8221;3.26.4&#8243; background_color=&#8221;#ffffff&#8221;]<\/p>\n<h3 style=\"text-align: justify;\">La dorure \u00e0 la d\u00e9trempe\u00a0:<\/h3>\n<p style=\"text-align: justify;\">Pour r\u00e9aliser une dorure \u00e0 la d\u00e9trempe, toutes les \u00e9tapes de la dorure sur bois doivent avoir \u00e9t\u00e9 effectu\u00e9es dans les r\u00e8gles de l\u2019art. Le doreur utilise des outils et des brosses sp\u00e9cifiques. La topette et la madeleine pour l\u2019application de l\u2019encollage et des appr\u00eats, l\u2019\u00e9ponge naturelle et l\u2019abrasif \u00e0 l\u2019eau pour l\u2019adoucissage, les fers \u00e0 reparer pour redonner de la nervosit\u00e9 aux sculptures et pour cr\u00e9er des motifs d\u00e9coratifs, le n\u00e9cessaire \u00e0 dorer (coussin, couteau, palette, mouilleux, appuyeux) pour l\u2019application de la feuille d\u2019or \u00e0 la d\u00e9trempe, le brunissoir (pierre d\u2019agate) pour faire briller l\u2019or en le polissant, des brosses de soies diverses pour le couchage de l\u2019assiette et la patine.<\/p>\n<p style=\"text-align: justify;\">En elle-m\u00eame la dorure \u00e0 la d\u00e9trempe consiste \u00e0 mouiller (avec de l\u2019eau) la zone \u00e0 dorer, puis \u00e0 y poser la feuille d\u2019or. L\u2019eau r\u00e9active le collag\u00e8ne contenu dans les pr\u00e9parations sous-jacentes, permettant \u00e0 la feuille d\u2019or de coller au support apr\u00e8s s\u00e9chage.<\/p>\n<p>[\/et_pb_text][\/et_pb_column][\/et_pb_row][et_pb_row column_structure=&#8221;1_2,1_2&#8243; _builder_version=&#8221;3.26.4&#8243; background_color=&#8221;#ffffff&#8221;][et_pb_column type=&#8221;1_2&#8243; _builder_version=&#8221;3.26.4&#8243;][et_pb_text _builder_version=&#8221;3.26.4&#8243;]<\/p>\n<h3 style=\"text-align: justify;\">La dorure \u00e0 la mixtion\u00a0:<\/h3>\n<p style=\"text-align: justify;\">La dorure \u00e0 la mixtion est plus \u00e9conomique car elle peut s\u2019affranchir des pr\u00e9liminaires de la dorure sur bois (l\u2019appr\u00eatage), et parce que sa mise en \u0153uvre est beaucoup plus rapide. Le corolaire est une dorure qui n\u2019offre pas les m\u00eames r\u00e9sultats esth\u00e9tiques que ceux obtenus avec une dorure \u00e0 la d\u00e9trempe. Par exemple il n\u2019est pas possible de polir la feuille d\u2019or pour la rendre plus brillante. On note aussi qu\u2019elle aura tendance \u00e0 moins bien vieillir qu\u2019une d\u00e9trempe r\u00e9alis\u00e9e et conserv\u00e9e avec soin.<\/p>\n<p style=\"text-align: justify;\">La mixtion traditionnelle du doreur est une huile de lin siccativ\u00e9e. Elle doit \u00eatre appliqu\u00e9e sur une surface non poreuse. La feuille d\u2019or est pos\u00e9e d\u00e8s que le film gras commence \u00e0 polym\u00e9riser.<\/p>\n<p style=\"text-align: justify;\">Du fait de sa bonne tenue face aux intemp\u00e9ries, la dorure \u00e0 l\u2019huile est particuli\u00e8rement appropri\u00e9e pour les ext\u00e9rieurs. N\u00e9cessitant peu d\u2019\u00e9tapes de travail, elle est souvent utilis\u00e9e pour couvrir des grandes surfaces (d\u00e9cors monumentaux). Son usage s\u2019est largement r\u00e9pandu dans la dorure sur bois \u00e0 partir du XIX<sup>\u00e8me<\/sup> si\u00e8cle pour r\u00e9duire les co\u00fbts de fabrication des cadres et miroirs dor\u00e9s. Quelques mots \u00e0 propos de deux proc\u00e9d\u00e9s de dorure relativement r\u00e9cents\u00a0: la dorure \u00e0 la mixtion \u00e0 l\u2019eau et la dorure en simili-bruni.<\/p>\n<p style=\"text-align: justify;\">La mixtion \u00e0 l\u2019eau est une \u00e9mulsion acrylique qui permet de dorer \u00e0 la feuille d\u2019or une surface, de la m\u00eame mani\u00e8re qu\u2019avec une mixtion \u00e0 l\u2019huile. Elle est encore plus rapide \u00e0 mettre en \u0153uvre. Elle est par contre moins solide, et d\u2019aspect plus terne. Les doreurs sur bois ne l\u2019utilisent pas souvent car elle ne se pr\u00eate pas bien au travail de patine et parce qu\u2019elle n\u2019offre pas un rendu esth\u00e9tique qualitatif. Elle sert plut\u00f4t pour des travaux de dorure neuve qui doivent \u00eatre effectu\u00e9s rapidement.<\/p>\n<p style=\"text-align: justify;\">La dorure en simili-bruni est une dorure \u00e0 l\u2019huile qui permet d\u2019obtenir une dorure tr\u00e8s brillante, \u00e0 l\u2019image d\u2019une dorure \u00e0 la d\u00e9trempe brunie \u00e0 la pierre d\u2019agate. Cela est tr\u00e8s relatif, car l\u2019\u00e9clat obtenu est de nature diff\u00e9rente\u00a0: l\u2019or ne brille pas car il aura \u00e9t\u00e9 poli, mais parce qu\u2019il est pos\u00e9 sur une surface tr\u00e8s brillante (vernis). On r\u00e9serve g\u00e9n\u00e9ralement cette technique aux d\u00e9cors monumentaux pour apporter des rehauts de lumi\u00e8re \u00e0 certains endroits.<\/p>\n<p>[\/et_pb_text][\/et_pb_column][et_pb_column type=&#8221;1_2&#8243; _builder_version=&#8221;3.26.4&#8243;][et_pb_image src=&#8221;https:\/\/doresco.fr\/wp-content\/uploads\/2019\/09\/IMG_4216.jpg&#8221; disabled_on=&#8221;off|off|off&#8221; _builder_version=&#8221;3.26.4&#8243; background_image=&#8221;https:\/\/doresco.fr\/wp-content\/uploads\/2019\/09\/IMG_6500.jpg&#8221; transform_scale=&#8221;110%|110%&#8221; transform_translate=&#8221;0px|80px&#8221; transform_translate_linked=&#8221;off&#8221;][\/et_pb_image][\/et_pb_column][\/et_pb_row][\/et_pb_section]<\/p>\n","protected":false},"excerpt":{"rendered":"<p>[et_pb_section fb_built=&#8221;1&#8243; disabled_on=&#8221;off|off|off&#8221; module_id=&#8221;my-particles&#8221; _builder_version=&#8221;3.26.4&#8243;][et_pb_row column_structure=&#8221;1_2,1_2&#8243; _builder_version=&#8221;3.26.4&#8243;][et_pb_column type=&#8221;1_2&#8243; _builder_version=&#8221;3.26.4&#8243;][et_pb_text _builder_version=&#8221;3.26.4&#8243; background_color=&#8221;#ffffff&#8221;] Des savoirs faire traditionnels La dorure sur bois d\u00e9signe l\u2019ensemble des op\u00e9rations n\u00e9cessaires pour appliquer une dorure \u00e0 la feuille sur un support en bois. La pose de la feuille d\u2019or n\u2019est qu\u2019une des \u00e9tapes de ce long processus\u00a0: d\u00e9graissage du bois, encollage, appr\u00eatage [&hellip;]<\/p>\n","protected":false},"author":1,"featured_media":0,"parent":0,"menu_order":0,"comment_status":"closed","ping_status":"closed","template":"","meta":{"_et_pb_use_builder":"on","_et_pb_old_content":""},"yoast_head":"<!-- This site is optimized with the Yoast SEO plugin v15.9.1 - https:\/\/yoast.com\/wordpress\/plugins\/seo\/ -->\n<title>Le m\u00e9tier de doreur | Doresco<\/title>\n<meta name=\"robots\" content=\"index, follow, max-snippet:-1, max-image-preview:large, max-video-preview:-1\" \/>\n<link rel=\"canonical\" href=\"https:\/\/doresco.fr\/index.php\/techniques\/\" \/>\n<meta property=\"og:locale\" content=\"fr_FR\" \/>\n<meta property=\"og:type\" content=\"article\" \/>\n<meta property=\"og:title\" content=\"Le m\u00e9tier de doreur | Doresco\" \/>\n<meta property=\"og:description\" content=\"[et_pb_section fb_built=&#8221;1&#8243; disabled_on=&#8221;off|off|off&#8221; module_id=&#8221;my-particles&#8221; _builder_version=&#8221;3.26.4&#8243;][et_pb_row column_structure=&#8221;1_2,1_2&#8243; _builder_version=&#8221;3.26.4&#8243;][et_pb_column type=&#8221;1_2&#8243; _builder_version=&#8221;3.26.4&#8243;][et_pb_text _builder_version=&#8221;3.26.4&#8243; background_color=&#8221;#ffffff&#8221;] Des savoirs faire traditionnels La dorure sur bois d\u00e9signe l\u2019ensemble des op\u00e9rations n\u00e9cessaires pour appliquer une dorure \u00e0 la feuille sur un support en bois. La pose de la feuille d\u2019or n\u2019est qu\u2019une des \u00e9tapes de ce long processus\u00a0: d\u00e9graissage du bois, encollage, appr\u00eatage [&hellip;]\" \/>\n<meta property=\"og:url\" content=\"https:\/\/doresco.fr\/index.php\/techniques\/\" \/>\n<meta property=\"og:site_name\" content=\"Doresco\" \/>\n<meta property=\"article:modified_time\" content=\"2020-03-08T12:44:24+00:00\" \/>\n<meta name=\"twitter:card\" content=\"summary_large_image\" \/>\n<meta name=\"twitter:label1\" content=\"Dur\u00e9e de lecture est.\">\n\t<meta name=\"twitter:data1\" content=\"7 minutes\">\n<script type=\"application\/ld+json\" class=\"yoast-schema-graph\">{\"@context\":\"https:\/\/schema.org\",\"@graph\":[{\"@type\":\"Organization\",\"@id\":\"https:\/\/doresco.fr\/#organization\",\"name\":\"Doresco\",\"url\":\"https:\/\/doresco.fr\/\",\"sameAs\":[],\"logo\":{\"@type\":\"ImageObject\",\"@id\":\"https:\/\/doresco.fr\/#logo\",\"inLanguage\":\"fr-FR\",\"url\":\"https:\/\/doresco.fr\/wp-content\/uploads\/2020\/02\/doresco_ombrage-copie-1.png\",\"width\":1269,\"height\":322,\"caption\":\"Doresco\"},\"image\":{\"@id\":\"https:\/\/doresco.fr\/#logo\"}},{\"@type\":\"WebSite\",\"@id\":\"https:\/\/doresco.fr\/#website\",\"url\":\"https:\/\/doresco.fr\/\",\"name\":\"Doresco\",\"description\":\"dorure sur bois, sp\\u00e9cialiste de la conservation-restauration de bois dor\\u00e9s\",\"publisher\":{\"@id\":\"https:\/\/doresco.fr\/#organization\"},\"potentialAction\":[{\"@type\":\"SearchAction\",\"target\":\"https:\/\/doresco.fr\/?s={search_term_string}\",\"query-input\":\"required name=search_term_string\"}],\"inLanguage\":\"fr-FR\"},{\"@type\":\"WebPage\",\"@id\":\"https:\/\/doresco.fr\/index.php\/techniques\/#webpage\",\"url\":\"https:\/\/doresco.fr\/index.php\/techniques\/\",\"name\":\"Le m\\u00e9tier de doreur | Doresco\",\"isPartOf\":{\"@id\":\"https:\/\/doresco.fr\/#website\"},\"datePublished\":\"2019-08-28T20:11:30+00:00\",\"dateModified\":\"2020-03-08T12:44:24+00:00\",\"breadcrumb\":{\"@id\":\"https:\/\/doresco.fr\/index.php\/techniques\/#breadcrumb\"},\"inLanguage\":\"fr-FR\",\"potentialAction\":[{\"@type\":\"ReadAction\",\"target\":[\"https:\/\/doresco.fr\/index.php\/techniques\/\"]}]},{\"@type\":\"BreadcrumbList\",\"@id\":\"https:\/\/doresco.fr\/index.php\/techniques\/#breadcrumb\",\"itemListElement\":[{\"@type\":\"ListItem\",\"position\":1,\"item\":{\"@type\":\"WebPage\",\"@id\":\"https:\/\/doresco.fr\/\",\"url\":\"https:\/\/doresco.fr\/\",\"name\":\"Accueil\"}},{\"@type\":\"ListItem\",\"position\":2,\"item\":{\"@type\":\"WebPage\",\"@id\":\"https:\/\/doresco.fr\/index.php\/techniques\/\",\"url\":\"https:\/\/doresco.fr\/index.php\/techniques\/\",\"name\":\"Le m\\u00e9tier de doreur\"}}]}]}<\/script>\n<!-- \/ Yoast SEO plugin. -->","_links":{"self":[{"href":"https:\/\/doresco.fr\/index.php\/wp-json\/wp\/v2\/pages\/72"}],"collection":[{"href":"https:\/\/doresco.fr\/index.php\/wp-json\/wp\/v2\/pages"}],"about":[{"href":"https:\/\/doresco.fr\/index.php\/wp-json\/wp\/v2\/types\/page"}],"author":[{"embeddable":true,"href":"https:\/\/doresco.fr\/index.php\/wp-json\/wp\/v2\/users\/1"}],"replies":[{"embeddable":true,"href":"https:\/\/doresco.fr\/index.php\/wp-json\/wp\/v2\/comments?post=72"}],"version-history":[{"count":20,"href":"https:\/\/doresco.fr\/index.php\/wp-json\/wp\/v2\/pages\/72\/revisions"}],"predecessor-version":[{"id":703,"href":"https:\/\/doresco.fr\/index.php\/wp-json\/wp\/v2\/pages\/72\/revisions\/703"}],"wp:attachment":[{"href":"https:\/\/doresco.fr\/index.php\/wp-json\/wp\/v2\/media?parent=72"}],"curies":[{"name":"wp","href":"https:\/\/api.w.org\/{rel}","templated":true}]}}