{"id":68,"date":"2019-08-28T22:10:47","date_gmt":"2019-08-28T20:10:47","guid":{"rendered":"http:\/\/doresco.fr\/?page_id=68"},"modified":"2020-03-08T16:02:36","modified_gmt":"2020-03-08T15:02:36","slug":"a-propos-de-nous","status":"publish","type":"page","link":"https:\/\/doresco.fr\/index.php\/a-propos-de-nous\/","title":{"rendered":"Qui sommes nous"},"content":{"rendered":"<p>[et_pb_section bb_built=&#8221;1&#8243; module_id=&#8221;my-particles&#8221; _builder_version=&#8221;3.26.4&#8243; custom_padding=&#8221;225px||225px||true|&#8221; z_index_tablet=&#8221;500&#8243; box_shadow_horizontal_tablet=&#8221;0px&#8221; box_shadow_vertical_tablet=&#8221;0px&#8221; box_shadow_blur_tablet=&#8221;40px&#8221; box_shadow_spread_tablet=&#8221;0px&#8221;][et_pb_row column_structure=&#8221;1_5,3_5,1_5&#8243; use_custom_gutter=&#8221;on&#8221; custom_margin=&#8221;||||false|false&#8221; _builder_version=&#8221;3.26.4&#8243; width=&#8221;100%&#8221; module_alignment=&#8221;center&#8221; z_index_tablet=&#8221;500&#8243; box_shadow_horizontal_tablet=&#8221;0px&#8221; box_shadow_vertical_tablet=&#8221;0px&#8221; box_shadow_blur_tablet=&#8221;40px&#8221; box_shadow_spread_tablet=&#8221;0px&#8221; gutter_width=&#8221;2&#8243;][et_pb_column type=&#8221;1_5&#8243; _builder_version=&#8221;3.0.47&#8243; custom_padding=&#8221;|||&#8221; custom_padding__hover=&#8221;|||&#8221;][et_pb_image src=&#8221;https:\/\/doresco.fr\/wp-content\/uploads\/2019\/08\/IMG_8715.jpg&#8221; align=&#8221;center&#8221; force_fullwidth=&#8221;on&#8221; disabled_on=&#8221;on|on|&#8221; _builder_version=&#8221;3.26.4&#8243; transform_scale=&#8221;160%|160%&#8221; transform_translate=&#8221;0px|83px&#8221; z_index_tablet=&#8221;500&#8243; box_shadow_horizontal_tablet=&#8221;0px&#8221; box_shadow_vertical_tablet=&#8221;0px&#8221; box_shadow_blur_tablet=&#8221;40px&#8221; box_shadow_spread_tablet=&#8221;0px&#8221;]<\/p>\n<p>[\/et_pb_image][\/et_pb_column][et_pb_column type=&#8221;3_5&#8243; _builder_version=&#8221;3.0.47&#8243; custom_padding=&#8221;|||&#8221; custom_padding__hover=&#8221;|||&#8221;][et_pb_text _builder_version=&#8221;3.26.4&#8243; text_font=&#8221;Georgia||||||||&#8221; text_text_align=&#8221;justify&#8221; text_text_color=&#8221;#4f4f4f&#8221; header_text_align=&#8221;justify&#8221; background_color=&#8221;#ffffff&#8221; border_color_all=&#8221;#d3262e&#8221; border_color_right=&#8221;#444444&#8243; text_orientation=&#8221;justified&#8221; custom_padding=&#8221;5px|27px||12px||&#8221; z_index_tablet=&#8221;500&#8243; text_text_shadow_horizontal_length_tablet=&#8221;0px&#8221; text_text_shadow_vertical_length_tablet=&#8221;0px&#8221; text_text_shadow_blur_strength_tablet=&#8221;1px&#8221; link_text_shadow_horizontal_length_tablet=&#8221;0px&#8221; link_text_shadow_vertical_length_tablet=&#8221;0px&#8221; link_text_shadow_blur_strength_tablet=&#8221;1px&#8221; ul_text_shadow_horizontal_length_tablet=&#8221;0px&#8221; ul_text_shadow_vertical_length_tablet=&#8221;0px&#8221; ul_text_shadow_blur_strength_tablet=&#8221;1px&#8221; ol_text_shadow_horizontal_length_tablet=&#8221;0px&#8221; ol_text_shadow_vertical_length_tablet=&#8221;0px&#8221; ol_text_shadow_blur_strength_tablet=&#8221;1px&#8221; quote_text_shadow_horizontal_length_tablet=&#8221;0px&#8221; quote_text_shadow_vertical_length_tablet=&#8221;0px&#8221; quote_text_shadow_blur_strength_tablet=&#8221;1px&#8221; header_text_shadow_horizontal_length_tablet=&#8221;0px&#8221; header_text_shadow_vertical_length_tablet=&#8221;0px&#8221; header_text_shadow_blur_strength_tablet=&#8221;1px&#8221; header_2_text_shadow_horizontal_length_tablet=&#8221;0px&#8221; header_2_text_shadow_vertical_length_tablet=&#8221;0px&#8221; header_2_text_shadow_blur_strength_tablet=&#8221;1px&#8221; header_3_text_shadow_horizontal_length_tablet=&#8221;0px&#8221; header_3_text_shadow_vertical_length_tablet=&#8221;0px&#8221; header_3_text_shadow_blur_strength_tablet=&#8221;1px&#8221; header_4_text_shadow_horizontal_length_tablet=&#8221;0px&#8221; header_4_text_shadow_vertical_length_tablet=&#8221;0px&#8221; header_4_text_shadow_blur_strength_tablet=&#8221;1px&#8221; header_5_text_shadow_horizontal_length_tablet=&#8221;0px&#8221; header_5_text_shadow_vertical_length_tablet=&#8221;0px&#8221; header_5_text_shadow_blur_strength_tablet=&#8221;1px&#8221; header_6_text_shadow_horizontal_length_tablet=&#8221;0px&#8221; header_6_text_shadow_vertical_length_tablet=&#8221;0px&#8221; header_6_text_shadow_blur_strength_tablet=&#8221;1px&#8221; border_width_bottom_tablet=&#8221;2px&#8221; border_width_bottom_phone=&#8221;2px&#8221; box_shadow_horizontal_tablet=&#8221;0px&#8221; box_shadow_vertical_tablet=&#8221;0px&#8221; box_shadow_blur_tablet=&#8221;40px&#8221; box_shadow_spread_tablet=&#8221;0px&#8221; inline_fonts=&#8221;Georgia,Arimo&#8221;]<\/p>\n<h3><span style=\"font-family: Arimo;\"><strong>A propos<\/strong><\/span><\/h3>\n<p><span style=\"font-family: Arimo;\"><strong>Matthias Muller<\/strong> et <span style=\"font-weight: normal;\"><strong>Caroline Skowron<\/strong><\/span> sont doreurs ornemanistes depuis 2001, dipl\u00f4m\u00e9s d\u2019\u00e9tat. Ils ont effectu\u00e9 leur apprentissage et acquis leur savoir-faire dans diff\u00e9rents ateliers parisiens aupr\u00e8s d\u2019artisans exp\u00e9riment\u00e9s. Au cours de cette formation continue, ils ont travaill\u00e9 principalement dans le domaine de la restauration pour une client\u00e8le exigeante, et dans le cadre de chantiers de restauration d\u2019envergure du patrimoine national et priv\u00e9.<\/span><\/p>\n<p><span style=\"font-family: Arimo;\">\u00a0<\/span><\/p>\n<p><span style=\"font-family: Arimo;\">Leur maitrise des techniques de dorures traditionnelles leur permet de faire face \u00e0 tous types de probl\u00e9matique rencontr\u00e9s lors de la restauration d\u2019\u0153uvres dor\u00e9s \u00e0 la feuille d\u2019or.<\/span><\/p>\n<p><span style=\"font-family: Arimo;\">\u00a0<\/span><\/p>\n<p><span style=\"font-family: Arimo;\">En 2015, ils d\u00e9cident de fonder leur entreprise, <em><strong>Doresco<\/strong><\/em>, et de poursuivre ainsi leur activit\u00e9 en maintenant l\u2019exigence de qualit\u00e9 pour une client\u00e8le priv\u00e9e et professionnelle soucieuse de confier leurs travaux \u00e0 des artisans qualifi\u00e9s garants d\u2019un r\u00e9sultat optimal.<\/span><\/p>\n<p><span style=\"font-family: Arimo;\">\u00a0<\/span><\/p>\n<p><span style=\"font-family: Arimo;\">Travaillant en \u00e9troite collaboration avec des galeristes et des restaurateurs de peinture (murale et de chevalet), ils \u00e9largissent leur \u00e9ventail de savoir-faire en proposant la fabrication de cadres de haute qualit\u00e9 bas\u00e9e notamment sur la copie d\u2019anciens. Le travail de la patine est un point fort incontestable de <strong><em>Doresco<\/em><\/strong> qui peut ainsi garantir l\u2019illusion du temps pass\u00e9 de ses travaux de dorure, tant pour la restauration que pour la fabrication de cadres et de miroirs anciens.<\/span><\/p>\n<p>[\/et_pb_text][et_pb_social_media_follow _builder_version=&#8221;3.26.4&#8243; custom_button=&#8221;on&#8221; text_orientation=&#8221;right&#8221; z_index_tablet=&#8221;500&#8243; hover_enabled=&#8221;0&#8243; button_text_shadow_horizontal_length_tablet=&#8221;0px&#8221; button_text_shadow_vertical_length_tablet=&#8221;0px&#8221; button_text_shadow_blur_strength_tablet=&#8221;1px&#8221; box_shadow_horizontal_tablet=&#8221;0px&#8221; box_shadow_vertical_tablet=&#8221;0px&#8221; box_shadow_blur_tablet=&#8221;40px&#8221; box_shadow_spread_tablet=&#8221;0px&#8221; box_shadow_horizontal_button_tablet=&#8221;0px&#8221; box_shadow_vertical_button_tablet=&#8221;0px&#8221; box_shadow_blur_button_tablet=&#8221;40px&#8221; box_shadow_spread_button_tablet=&#8221;0px&#8221; text_shadow_horizontal_length_tablet=&#8221;0px&#8221; text_shadow_vertical_length_tablet=&#8221;0px&#8221; text_shadow_blur_strength_tablet=&#8221;1px&#8221; saved_tabs=&#8221;all&#8221; global_module=&#8221;684&#8243;][et_pb_social_media_follow_network social_network=&#8221;facebook&#8221; url=&#8221;https:\/\/www.facebook.com\/atelier-doresco-112275013672839\/&#8221; _builder_version=&#8221;3.26.4&#8243; background_color=&#8221;#C99D66&#8243; background_enable_color=&#8221;on&#8221; follow_button=&#8221;off&#8221; url_new_window=&#8221;on&#8221;]facebook[\/et_pb_social_media_follow_network][et_pb_social_media_follow_network social_network=&#8221;instagram&#8221; url=&#8221;https:\/\/www.facebook.com\/atelier-doresco-112275013672839\/&#8221; _builder_version=&#8221;3.26.4&#8243; background_color=&#8221;#C99D66&#8243; background_enable_color=&#8221;on&#8221; follow_button=&#8221;off&#8221; url_new_window=&#8221;on&#8221;]instagram[\/et_pb_social_media_follow_network][\/et_pb_social_media_follow][\/et_pb_column][et_pb_column type=&#8221;1_5&#8243; _builder_version=&#8221;3.0.47&#8243; custom_padding=&#8221;|||&#8221; custom_padding__hover=&#8221;|||&#8221;][et_pb_image src=&#8221;https:\/\/doresco.fr\/wp-content\/uploads\/2019\/09\/IMG_7769b.jpg&#8221; disabled_on=&#8221;on|on|&#8221; _builder_version=&#8221;3.26.4&#8243; transform_scale=&#8221;160%|160%&#8221; transform_translate=&#8221;0px|83px&#8221; z_index_tablet=&#8221;500&#8243; box_shadow_horizontal_tablet=&#8221;0px&#8221; box_shadow_vertical_tablet=&#8221;0px&#8221; box_shadow_blur_tablet=&#8221;40px&#8221; box_shadow_spread_tablet=&#8221;0px&#8221;]<\/p>\n<p>[\/et_pb_image][\/et_pb_column][\/et_pb_row][\/et_pb_section]<\/p>\n","protected":false},"excerpt":{"rendered":"<p>[et_pb_section bb_built=&#8221;1&#8243; module_id=&#8221;my-particles&#8221; _builder_version=&#8221;3.26.4&#8243; custom_padding=&#8221;225px||225px||true|&#8221; z_index_tablet=&#8221;500&#8243; box_shadow_horizontal_tablet=&#8221;0px&#8221; box_shadow_vertical_tablet=&#8221;0px&#8221; box_shadow_blur_tablet=&#8221;40px&#8221; box_shadow_spread_tablet=&#8221;0px&#8221;][et_pb_row column_structure=&#8221;1_5,3_5,1_5&#8243; use_custom_gutter=&#8221;on&#8221; custom_margin=&#8221;||||false|false&#8221; _builder_version=&#8221;3.26.4&#8243; width=&#8221;100%&#8221; module_alignment=&#8221;center&#8221; z_index_tablet=&#8221;500&#8243; box_shadow_horizontal_tablet=&#8221;0px&#8221; box_shadow_vertical_tablet=&#8221;0px&#8221; box_shadow_blur_tablet=&#8221;40px&#8221; box_shadow_spread_tablet=&#8221;0px&#8221; gutter_width=&#8221;2&#8243;][et_pb_column type=&#8221;1_5&#8243; _builder_version=&#8221;3.0.47&#8243; custom_padding=&#8221;|||&#8221; custom_padding__hover=&#8221;|||&#8221;][et_pb_image src=&#8221;https:\/\/doresco.fr\/wp-content\/uploads\/2019\/08\/IMG_8715.jpg&#8221; align=&#8221;center&#8221; force_fullwidth=&#8221;on&#8221; disabled_on=&#8221;on|on|&#8221; _builder_version=&#8221;3.26.4&#8243; transform_scale=&#8221;160%|160%&#8221; transform_translate=&#8221;0px|83px&#8221; z_index_tablet=&#8221;500&#8243; box_shadow_horizontal_tablet=&#8221;0px&#8221; box_shadow_vertical_tablet=&#8221;0px&#8221; box_shadow_blur_tablet=&#8221;40px&#8221; box_shadow_spread_tablet=&#8221;0px&#8221;] [\/et_pb_image][\/et_pb_column][et_pb_column type=&#8221;3_5&#8243; _builder_version=&#8221;3.0.47&#8243; custom_padding=&#8221;|||&#8221; custom_padding__hover=&#8221;|||&#8221;][et_pb_text _builder_version=&#8221;3.26.4&#8243; text_font=&#8221;Georgia||||||||&#8221; text_text_align=&#8221;justify&#8221; text_text_color=&#8221;#4f4f4f&#8221; header_text_align=&#8221;justify&#8221; background_color=&#8221;#ffffff&#8221; border_color_all=&#8221;#d3262e&#8221; border_color_right=&#8221;#444444&#8243; text_orientation=&#8221;justified&#8221; custom_padding=&#8221;5px|27px||12px||&#8221; z_index_tablet=&#8221;500&#8243; text_text_shadow_horizontal_length_tablet=&#8221;0px&#8221; [&hellip;]<\/p>\n","protected":false},"author":1,"featured_media":0,"parent":0,"menu_order":0,"comment_status":"closed","ping_status":"closed","template":"","meta":{"_et_pb_use_builder":"on","_et_pb_old_content":""},"yoast_head":"<!-- This site is optimized with the Yoast SEO plugin v15.9.1 - https:\/\/yoast.com\/wordpress\/plugins\/seo\/ -->\n<title>Qui sommes nous | Doresco<\/title>\n<meta name=\"description\" content=\"Matthias Muller et Caroline Skowron sont doreurs ornemanistes depuis 2001, dipl\u00f4m\u00e9s d\u2019\u00e9tat. Leur maitrise des techniques de dorures traditionnelles leur permet de faire face \u00e0 tous types de probl\u00e9matique rencontr\u00e9s lors de la restauration d\u2019\u0153uvres dor\u00e9s \u00e0 la feuille d\u2019or.\" \/>\n<meta name=\"robots\" content=\"index, follow, max-snippet:-1, max-image-preview:large, max-video-preview:-1\" \/>\n<link rel=\"canonical\" href=\"https:\/\/doresco.fr\/index.php\/a-propos-de-nous\/\" \/>\n<meta property=\"og:locale\" content=\"fr_FR\" \/>\n<meta property=\"og:type\" content=\"article\" \/>\n<meta property=\"og:title\" content=\"Qui sommes nous | Doresco\" \/>\n<meta property=\"og:description\" content=\"Matthias Muller et Caroline Skowron sont doreurs ornemanistes depuis 2001, dipl\u00f4m\u00e9s d\u2019\u00e9tat. Leur maitrise des techniques de dorures traditionnelles leur permet de faire face \u00e0 tous types de probl\u00e9matique rencontr\u00e9s lors de la restauration d\u2019\u0153uvres dor\u00e9s \u00e0 la feuille d\u2019or.\" \/>\n<meta property=\"og:url\" content=\"https:\/\/doresco.fr\/index.php\/a-propos-de-nous\/\" \/>\n<meta property=\"og:site_name\" content=\"Doresco\" \/>\n<meta property=\"article:modified_time\" content=\"2020-03-08T15:02:36+00:00\" \/>\n<meta name=\"twitter:card\" content=\"summary_large_image\" \/>\n<meta name=\"twitter:label1\" content=\"Dur\u00e9e de lecture est.\">\n\t<meta name=\"twitter:data1\" content=\"5 minutes\">\n<script type=\"application\/ld+json\" class=\"yoast-schema-graph\">{\"@context\":\"https:\/\/schema.org\",\"@graph\":[{\"@type\":\"Organization\",\"@id\":\"https:\/\/doresco.fr\/#organization\",\"name\":\"Doresco\",\"url\":\"https:\/\/doresco.fr\/\",\"sameAs\":[],\"logo\":{\"@type\":\"ImageObject\",\"@id\":\"https:\/\/doresco.fr\/#logo\",\"inLanguage\":\"fr-FR\",\"url\":\"https:\/\/doresco.fr\/wp-content\/uploads\/2020\/02\/doresco_ombrage-copie-1.png\",\"width\":1269,\"height\":322,\"caption\":\"Doresco\"},\"image\":{\"@id\":\"https:\/\/doresco.fr\/#logo\"}},{\"@type\":\"WebSite\",\"@id\":\"https:\/\/doresco.fr\/#website\",\"url\":\"https:\/\/doresco.fr\/\",\"name\":\"Doresco\",\"description\":\"dorure sur bois, sp\\u00e9cialiste de la conservation-restauration de bois dor\\u00e9s\",\"publisher\":{\"@id\":\"https:\/\/doresco.fr\/#organization\"},\"potentialAction\":[{\"@type\":\"SearchAction\",\"target\":\"https:\/\/doresco.fr\/?s={search_term_string}\",\"query-input\":\"required name=search_term_string\"}],\"inLanguage\":\"fr-FR\"},{\"@type\":\"WebPage\",\"@id\":\"https:\/\/doresco.fr\/index.php\/a-propos-de-nous\/#webpage\",\"url\":\"https:\/\/doresco.fr\/index.php\/a-propos-de-nous\/\",\"name\":\"Qui sommes nous | Doresco\",\"isPartOf\":{\"@id\":\"https:\/\/doresco.fr\/#website\"},\"datePublished\":\"2019-08-28T20:10:47+00:00\",\"dateModified\":\"2020-03-08T15:02:36+00:00\",\"description\":\"Matthias Muller et Caroline Skowron sont doreurs ornemanistes depuis 2001, dipl\\u00f4m\\u00e9s d\\u2019\\u00e9tat. Leur maitrise des techniques de dorures traditionnelles leur permet de faire face \\u00e0 tous types de probl\\u00e9matique rencontr\\u00e9s lors de la restauration d\\u2019\\u0153uvres dor\\u00e9s \\u00e0 la feuille d\\u2019or.\",\"breadcrumb\":{\"@id\":\"https:\/\/doresco.fr\/index.php\/a-propos-de-nous\/#breadcrumb\"},\"inLanguage\":\"fr-FR\",\"potentialAction\":[{\"@type\":\"ReadAction\",\"target\":[\"https:\/\/doresco.fr\/index.php\/a-propos-de-nous\/\"]}]},{\"@type\":\"BreadcrumbList\",\"@id\":\"https:\/\/doresco.fr\/index.php\/a-propos-de-nous\/#breadcrumb\",\"itemListElement\":[{\"@type\":\"ListItem\",\"position\":1,\"item\":{\"@type\":\"WebPage\",\"@id\":\"https:\/\/doresco.fr\/\",\"url\":\"https:\/\/doresco.fr\/\",\"name\":\"Accueil\"}},{\"@type\":\"ListItem\",\"position\":2,\"item\":{\"@type\":\"WebPage\",\"@id\":\"https:\/\/doresco.fr\/index.php\/a-propos-de-nous\/\",\"url\":\"https:\/\/doresco.fr\/index.php\/a-propos-de-nous\/\",\"name\":\"Qui sommes nous\"}}]}]}<\/script>\n<!-- \/ Yoast SEO plugin. -->","_links":{"self":[{"href":"https:\/\/doresco.fr\/index.php\/wp-json\/wp\/v2\/pages\/68"}],"collection":[{"href":"https:\/\/doresco.fr\/index.php\/wp-json\/wp\/v2\/pages"}],"about":[{"href":"https:\/\/doresco.fr\/index.php\/wp-json\/wp\/v2\/types\/page"}],"author":[{"embeddable":true,"href":"https:\/\/doresco.fr\/index.php\/wp-json\/wp\/v2\/users\/1"}],"replies":[{"embeddable":true,"href":"https:\/\/doresco.fr\/index.php\/wp-json\/wp\/v2\/comments?post=68"}],"version-history":[{"count":23,"href":"https:\/\/doresco.fr\/index.php\/wp-json\/wp\/v2\/pages\/68\/revisions"}],"predecessor-version":[{"id":705,"href":"https:\/\/doresco.fr\/index.php\/wp-json\/wp\/v2\/pages\/68\/revisions\/705"}],"wp:attachment":[{"href":"https:\/\/doresco.fr\/index.php\/wp-json\/wp\/v2\/media?parent=68"}],"curies":[{"name":"wp","href":"https:\/\/api.w.org\/{rel}","templated":true}]}}