{"id":134,"date":"2020-01-24T15:36:55","date_gmt":"2020-01-24T14:36:55","guid":{"rendered":"http:\/\/doresco.fr\/?page_id=134"},"modified":"2020-03-08T13:32:23","modified_gmt":"2020-03-08T12:32:23","slug":"fabrication-de-cadres","status":"publish","type":"page","link":"https:\/\/doresco.fr\/index.php\/fabrication-de-cadres\/","title":{"rendered":"Fabrication de Cadres"},"content":{"rendered":"<p>[et_pb_section bb_built=&#8221;1&#8243; module_id=&#8221;my-particles&#8221; _builder_version=&#8221;3.26.4&#8243; z_index_tablet=&#8221;500&#8243; box_shadow_horizontal_tablet=&#8221;0px&#8221; box_shadow_vertical_tablet=&#8221;0px&#8221; box_shadow_blur_tablet=&#8221;40px&#8221; box_shadow_spread_tablet=&#8221;0px&#8221;][et_pb_row column_structure=&#8221;1_2,1_2&#8243; custom_margin=&#8221;|746px||auto||&#8221; _builder_version=&#8221;3.26.4&#8243; background_size=&#8221;initial&#8221; background_position=&#8221;top_left&#8221; background_repeat=&#8221;repeat&#8221; module_alignment=&#8221;center&#8221;][et_pb_column type=&#8221;1_2&#8243; _builder_version=&#8221;3.0.47&#8243; custom_padding=&#8221;|||&#8221; custom_padding__hover=&#8221;|||&#8221;][et_pb_gallery gallery_ids=&#8221;241,242,243,244,245,246,247,248,249,250,251,252,253&#8243; gallery_orderby=&#8221;rand&#8221; posts_number=&#8221;6&#8243; show_title_and_caption=&#8221;off&#8221; zoom_icon_color=&#8221;#bc1a38&#8243; hover_icon=&#8221;%%13%%&#8221; module_class=&#8221;imagezoom&#8221; _builder_version=&#8221;3.26.4&#8243; border_radii=&#8221;on|5px|5px|5px|5px&#8221; width=&#8221;100%&#8221; z_index_tablet=&#8221;500&#8243; title_text_shadow_horizontal_length_tablet=&#8221;0px&#8221; title_text_shadow_vertical_length_tablet=&#8221;0px&#8221; title_text_shadow_blur_strength_tablet=&#8221;1px&#8221; caption_text_shadow_horizontal_length_tablet=&#8221;0px&#8221; caption_text_shadow_vertical_length_tablet=&#8221;0px&#8221; caption_text_shadow_blur_strength_tablet=&#8221;1px&#8221; pagination_text_shadow_horizontal_length_tablet=&#8221;0px&#8221; pagination_text_shadow_vertical_length_tablet=&#8221;0px&#8221; pagination_text_shadow_blur_strength_tablet=&#8221;1px&#8221; box_shadow_horizontal_tablet=&#8221;0px&#8221; box_shadow_vertical_tablet=&#8221;0px&#8221; box_shadow_blur_tablet=&#8221;40px&#8221; box_shadow_spread_tablet=&#8221;0px&#8221; box_shadow_horizontal_image_tablet=&#8221;0px&#8221; box_shadow_vertical_image_tablet=&#8221;0px&#8221; box_shadow_blur_image_tablet=&#8221;40px&#8221; box_shadow_spread_image_tablet=&#8221;0px&#8221; text_shadow_horizontal_length_tablet=&#8221;0px&#8221; text_shadow_vertical_length_tablet=&#8221;0px&#8221; text_shadow_blur_strength_tablet=&#8221;1px&#8221; \/][\/et_pb_column][et_pb_column type=&#8221;1_2&#8243; _builder_version=&#8221;3.0.47&#8243; custom_padding=&#8221;|||&#8221; custom_padding__hover=&#8221;|||&#8221;][et_pb_text _builder_version=&#8221;3.26.4&#8243; background_color=&#8221;#ffffff&#8221; z_index_tablet=&#8221;500&#8243; text_text_shadow_horizontal_length_tablet=&#8221;0px&#8221; text_text_shadow_vertical_length_tablet=&#8221;0px&#8221; text_text_shadow_blur_strength_tablet=&#8221;1px&#8221; link_text_shadow_horizontal_length_tablet=&#8221;0px&#8221; link_text_shadow_vertical_length_tablet=&#8221;0px&#8221; link_text_shadow_blur_strength_tablet=&#8221;1px&#8221; ul_text_shadow_horizontal_length_tablet=&#8221;0px&#8221; ul_text_shadow_vertical_length_tablet=&#8221;0px&#8221; ul_text_shadow_blur_strength_tablet=&#8221;1px&#8221; ol_text_shadow_horizontal_length_tablet=&#8221;0px&#8221; ol_text_shadow_vertical_length_tablet=&#8221;0px&#8221; ol_text_shadow_blur_strength_tablet=&#8221;1px&#8221; quote_text_shadow_horizontal_length_tablet=&#8221;0px&#8221; quote_text_shadow_vertical_length_tablet=&#8221;0px&#8221; quote_text_shadow_blur_strength_tablet=&#8221;1px&#8221; header_text_shadow_horizontal_length_tablet=&#8221;0px&#8221; header_text_shadow_vertical_length_tablet=&#8221;0px&#8221; header_text_shadow_blur_strength_tablet=&#8221;1px&#8221; header_2_text_shadow_horizontal_length_tablet=&#8221;0px&#8221; header_2_text_shadow_vertical_length_tablet=&#8221;0px&#8221; header_2_text_shadow_blur_strength_tablet=&#8221;1px&#8221; header_3_text_shadow_horizontal_length_tablet=&#8221;0px&#8221; header_3_text_shadow_vertical_length_tablet=&#8221;0px&#8221; header_3_text_shadow_blur_strength_tablet=&#8221;1px&#8221; header_4_text_shadow_horizontal_length_tablet=&#8221;0px&#8221; header_4_text_shadow_vertical_length_tablet=&#8221;0px&#8221; header_4_text_shadow_blur_strength_tablet=&#8221;1px&#8221; header_5_text_shadow_horizontal_length_tablet=&#8221;0px&#8221; header_5_text_shadow_vertical_length_tablet=&#8221;0px&#8221; header_5_text_shadow_blur_strength_tablet=&#8221;1px&#8221; header_6_text_shadow_horizontal_length_tablet=&#8221;0px&#8221; header_6_text_shadow_vertical_length_tablet=&#8221;0px&#8221; header_6_text_shadow_blur_strength_tablet=&#8221;1px&#8221; box_shadow_horizontal_tablet=&#8221;0px&#8221; box_shadow_vertical_tablet=&#8221;0px&#8221; box_shadow_blur_tablet=&#8221;40px&#8221; box_shadow_spread_tablet=&#8221;0px&#8221;]<\/p>\n<h4><span style=\"font-size: x-large;\">Fabrication de cadres<\/span><\/h4>\n<p>Nous cr\u00e9ons des mod\u00e8les sur-mesure, bas\u00e9s sur les profils type des cadres anciens europ\u00e9ens. En bois moulur\u00e9, sculpt\u00e9, ils sont pr\u00e9par\u00e9s selon les techniques traditionnelles. Nous proposons des mod\u00e8les dor\u00e9s, en <em>sgraffito<\/em>, <em>bulinato<\/em>, et polychromes.<\/p>\n<p>De la miniature \u00e0 l\u2019\u0153uvre monumental, nous vous accompagnons dans le choix d\u2019un encadrement de qualit\u00e9, \u00e0 partir de mod\u00e8le existant ou sur cr\u00e9ation d\u2019un profil sp\u00e9cifique adapt\u00e9.<\/p>\n<h4>\u00a0Copies d\u2019anciens<\/h4>\n<p>Les cadres anciens du XVII<sup>\u00e8me<\/sup> et du XVIII<sup>\u00e8me<\/sup> si\u00e8cles, sculpt\u00e9s et dor\u00e9s, sont des \u0153uvres d\u2019art \u00e0 part enti\u00e8re. Ils ont n\u00e9cessit\u00e9 beaucoup de travail de la part des ma\u00eetres artisans de l\u2019\u00e9poque. R\u00e9aliser de tels cadres \u00e0 moindres co\u00fbt est aujourd\u2019hui possible gr\u00e2ce au moulage.<\/p>\n<p>Le point de d\u00e9part est la prise d\u2019empreinte, ultra fine et pr\u00e9cise, d\u2019un mod\u00e8le ancien. Du moule ainsi obtenu sont tir\u00e9es des \u00e9preuves en r\u00e9sine qui sont ensuite fix\u00e9es sur une semelle de bois.<\/p>\n<p>L\u2019ensemble est dor\u00e9 \u00e0 la feuille de mani\u00e8re traditionnelle, \u00e0 la d\u00e9trempe ou \u00e0 l\u2019huile, suivant le style et le budget allou\u00e9 au projet.<\/p>\n<p>Une patine visant \u00e0 vieillir artificiellement la dorure sera r\u00e9alis\u00e9e pour s\u2019accorder parfaitement \u00e0 l\u2019\u0153uvre et ainsi parfaire l\u2019illusion.<\/p>\n<p>Le r\u00e9sultat\u00a0: un cadre ancien sur-mesure, restituant la patine du temps, un budget ma\u00eetris\u00e9, un \u00e9crin d\u2019authenticit\u00e9 pour vos \u0153uvres.<\/p>\n<p><em>N\u2019h\u00e9sitez pas \u00e0 nous contacter pour plus de renseignements sur nos mod\u00e8les.<\/em><\/p>\n<p>Nous pouvons aussi r\u00e9aliser une copie \u00e0 l\u2019identique d\u2019un original que vous poss\u00e9dez, si vous souhaitez encadrer une paire de tableaux de m\u00eame taille par exemple.<\/p>\n<p>[\/et_pb_text][et_pb_social_media_follow _builder_version=&#8221;3.26.4&#8243; custom_button=&#8221;on&#8221; text_orientation=&#8221;right&#8221; z_index_tablet=&#8221;500&#8243; button_text_shadow_horizontal_length_tablet=&#8221;0px&#8221; button_text_shadow_vertical_length_tablet=&#8221;0px&#8221; button_text_shadow_blur_strength_tablet=&#8221;1px&#8221; box_shadow_horizontal_tablet=&#8221;0px&#8221; box_shadow_vertical_tablet=&#8221;0px&#8221; box_shadow_blur_tablet=&#8221;40px&#8221; box_shadow_spread_tablet=&#8221;0px&#8221; box_shadow_horizontal_button_tablet=&#8221;0px&#8221; box_shadow_vertical_button_tablet=&#8221;0px&#8221; box_shadow_blur_button_tablet=&#8221;40px&#8221; box_shadow_spread_button_tablet=&#8221;0px&#8221; text_shadow_horizontal_length_tablet=&#8221;0px&#8221; text_shadow_vertical_length_tablet=&#8221;0px&#8221; text_shadow_blur_strength_tablet=&#8221;1px&#8221; saved_tabs=&#8221;all&#8221; global_module=&#8221;684&#8243;][et_pb_social_media_follow_network social_network=&#8221;facebook&#8221; url=&#8221;https:\/\/www.facebook.com\/atelier-doresco-112275013672839\/&#8221; _builder_version=&#8221;3.26.4&#8243; background_color=&#8221;#C99D66&#8243; background_enable_color=&#8221;on&#8221; follow_button=&#8221;off&#8221; url_new_window=&#8221;on&#8221;]facebook[\/et_pb_social_media_follow_network][et_pb_social_media_follow_network social_network=&#8221;instagram&#8221; url=&#8221;https:\/\/www.facebook.com\/atelier-doresco-112275013672839\/&#8221; _builder_version=&#8221;3.26.4&#8243; background_color=&#8221;#C99D66&#8243; background_enable_color=&#8221;on&#8221; follow_button=&#8221;off&#8221; url_new_window=&#8221;on&#8221;]instagram[\/et_pb_social_media_follow_network][\/et_pb_social_media_follow][\/et_pb_column][\/et_pb_row][\/et_pb_section]<\/p>\n","protected":false},"excerpt":{"rendered":"<p>[et_pb_section bb_built=&#8221;1&#8243; module_id=&#8221;my-particles&#8221; _builder_version=&#8221;3.26.4&#8243; z_index_tablet=&#8221;500&#8243; box_shadow_horizontal_tablet=&#8221;0px&#8221; box_shadow_vertical_tablet=&#8221;0px&#8221; box_shadow_blur_tablet=&#8221;40px&#8221; box_shadow_spread_tablet=&#8221;0px&#8221;][et_pb_row column_structure=&#8221;1_2,1_2&#8243; custom_margin=&#8221;|746px||auto||&#8221; _builder_version=&#8221;3.26.4&#8243; background_size=&#8221;initial&#8221; background_position=&#8221;top_left&#8221; background_repeat=&#8221;repeat&#8221; module_alignment=&#8221;center&#8221;][et_pb_column type=&#8221;1_2&#8243; _builder_version=&#8221;3.0.47&#8243; custom_padding=&#8221;|||&#8221; custom_padding__hover=&#8221;|||&#8221;][et_pb_gallery gallery_ids=&#8221;241,242,243,244,245,246,247,248,249,250,251,252,253&#8243; gallery_orderby=&#8221;rand&#8221; posts_number=&#8221;6&#8243; show_title_and_caption=&#8221;off&#8221; zoom_icon_color=&#8221;#bc1a38&#8243; hover_icon=&#8221;%%13%%&#8221; module_class=&#8221;imagezoom&#8221; _builder_version=&#8221;3.26.4&#8243; border_radii=&#8221;on|5px|5px|5px|5px&#8221; width=&#8221;100%&#8221; z_index_tablet=&#8221;500&#8243; title_text_shadow_horizontal_length_tablet=&#8221;0px&#8221; title_text_shadow_vertical_length_tablet=&#8221;0px&#8221; title_text_shadow_blur_strength_tablet=&#8221;1px&#8221; caption_text_shadow_horizontal_length_tablet=&#8221;0px&#8221; caption_text_shadow_vertical_length_tablet=&#8221;0px&#8221; caption_text_shadow_blur_strength_tablet=&#8221;1px&#8221; pagination_text_shadow_horizontal_length_tablet=&#8221;0px&#8221; pagination_text_shadow_vertical_length_tablet=&#8221;0px&#8221; pagination_text_shadow_blur_strength_tablet=&#8221;1px&#8221; box_shadow_horizontal_tablet=&#8221;0px&#8221; box_shadow_vertical_tablet=&#8221;0px&#8221; box_shadow_blur_tablet=&#8221;40px&#8221; box_shadow_spread_tablet=&#8221;0px&#8221; box_shadow_horizontal_image_tablet=&#8221;0px&#8221; box_shadow_vertical_image_tablet=&#8221;0px&#8221; box_shadow_blur_image_tablet=&#8221;40px&#8221; box_shadow_spread_image_tablet=&#8221;0px&#8221; text_shadow_horizontal_length_tablet=&#8221;0px&#8221; text_shadow_vertical_length_tablet=&#8221;0px&#8221; text_shadow_blur_strength_tablet=&#8221;1px&#8221; \/][\/et_pb_column][et_pb_column type=&#8221;1_2&#8243; _builder_version=&#8221;3.0.47&#8243; custom_padding=&#8221;|||&#8221; [&hellip;]<\/p>\n","protected":false},"author":1,"featured_media":0,"parent":0,"menu_order":0,"comment_status":"closed","ping_status":"closed","template":"","meta":{"_et_pb_use_builder":"on","_et_pb_old_content":"<p>[et_pb_section bb_built=\"1\"][et_pb_row][et_pb_column type=\"1_2\"][\/et_pb_column][et_pb_column type=\"1_4\"][\/et_pb_column][et_pb_column type=\"1_4\"][\/et_pb_column][\/et_pb_row][\/et_pb_section]<\/p>"},"yoast_head":"<!-- This site is optimized with the Yoast SEO plugin v15.9.1 - https:\/\/yoast.com\/wordpress\/plugins\/seo\/ -->\n<title>Fabrication de Cadres | Doresco<\/title>\n<meta name=\"robots\" content=\"index, follow, max-snippet:-1, max-image-preview:large, max-video-preview:-1\" \/>\n<link rel=\"canonical\" href=\"https:\/\/doresco.fr\/index.php\/fabrication-de-cadres\/\" \/>\n<meta property=\"og:locale\" content=\"fr_FR\" \/>\n<meta property=\"og:type\" content=\"article\" \/>\n<meta property=\"og:title\" content=\"Fabrication de Cadres | Doresco\" \/>\n<meta property=\"og:description\" content=\"[et_pb_section bb_built=&#8221;1&#8243; module_id=&#8221;my-particles&#8221; _builder_version=&#8221;3.26.4&#8243; z_index_tablet=&#8221;500&#8243; box_shadow_horizontal_tablet=&#8221;0px&#8221; box_shadow_vertical_tablet=&#8221;0px&#8221; box_shadow_blur_tablet=&#8221;40px&#8221; box_shadow_spread_tablet=&#8221;0px&#8221;][et_pb_row column_structure=&#8221;1_2,1_2&#8243; custom_margin=&#8221;|746px||auto||&#8221; _builder_version=&#8221;3.26.4&#8243; background_size=&#8221;initial&#8221; background_position=&#8221;top_left&#8221; background_repeat=&#8221;repeat&#8221; module_alignment=&#8221;center&#8221;][et_pb_column type=&#8221;1_2&#8243; _builder_version=&#8221;3.0.47&#8243; custom_padding=&#8221;|||&#8221; custom_padding__hover=&#8221;|||&#8221;][et_pb_gallery gallery_ids=&#8221;241,242,243,244,245,246,247,248,249,250,251,252,253&#8243; gallery_orderby=&#8221;rand&#8221; posts_number=&#8221;6&#8243; show_title_and_caption=&#8221;off&#8221; zoom_icon_color=&#8221;#bc1a38&#8243; hover_icon=&#8221;&#8221; module_class=&#8221;imagezoom&#8221; _builder_version=&#8221;3.26.4&#8243; border_radii=&#8221;on|5px|5px|5px|5px&#8221; width=&#8221;100%&#8221; z_index_tablet=&#8221;500&#8243; title_text_shadow_horizontal_length_tablet=&#8221;0px&#8221; title_text_shadow_vertical_length_tablet=&#8221;0px&#8221; title_text_shadow_blur_strength_tablet=&#8221;1px&#8221; caption_text_shadow_horizontal_length_tablet=&#8221;0px&#8221; caption_text_shadow_vertical_length_tablet=&#8221;0px&#8221; caption_text_shadow_blur_strength_tablet=&#8221;1px&#8221; pagination_text_shadow_horizontal_length_tablet=&#8221;0px&#8221; pagination_text_shadow_vertical_length_tablet=&#8221;0px&#8221; pagination_text_shadow_blur_strength_tablet=&#8221;1px&#8221; box_shadow_horizontal_tablet=&#8221;0px&#8221; box_shadow_vertical_tablet=&#8221;0px&#8221; box_shadow_blur_tablet=&#8221;40px&#8221; box_shadow_spread_tablet=&#8221;0px&#8221; box_shadow_horizontal_image_tablet=&#8221;0px&#8221; box_shadow_vertical_image_tablet=&#8221;0px&#8221; box_shadow_blur_image_tablet=&#8221;40px&#8221; box_shadow_spread_image_tablet=&#8221;0px&#8221; text_shadow_horizontal_length_tablet=&#8221;0px&#8221; text_shadow_vertical_length_tablet=&#8221;0px&#8221; text_shadow_blur_strength_tablet=&#8221;1px&#8221; \/][\/et_pb_column][et_pb_column type=&#8221;1_2&#8243; _builder_version=&#8221;3.0.47&#8243; custom_padding=&#8221;|||&#8221; [&hellip;]\" \/>\n<meta property=\"og:url\" content=\"https:\/\/doresco.fr\/index.php\/fabrication-de-cadres\/\" \/>\n<meta property=\"og:site_name\" content=\"Doresco\" \/>\n<meta property=\"article:modified_time\" content=\"2020-03-08T12:32:23+00:00\" \/>\n<meta name=\"twitter:card\" content=\"summary_large_image\" \/>\n<meta name=\"twitter:label1\" content=\"Dur\u00e9e de lecture est.\">\n\t<meta name=\"twitter:data1\" content=\"5 minutes\">\n<script type=\"application\/ld+json\" class=\"yoast-schema-graph\">{\"@context\":\"https:\/\/schema.org\",\"@graph\":[{\"@type\":\"Organization\",\"@id\":\"https:\/\/doresco.fr\/#organization\",\"name\":\"Doresco\",\"url\":\"https:\/\/doresco.fr\/\",\"sameAs\":[],\"logo\":{\"@type\":\"ImageObject\",\"@id\":\"https:\/\/doresco.fr\/#logo\",\"inLanguage\":\"fr-FR\",\"url\":\"https:\/\/doresco.fr\/wp-content\/uploads\/2020\/02\/doresco_ombrage-copie-1.png\",\"width\":1269,\"height\":322,\"caption\":\"Doresco\"},\"image\":{\"@id\":\"https:\/\/doresco.fr\/#logo\"}},{\"@type\":\"WebSite\",\"@id\":\"https:\/\/doresco.fr\/#website\",\"url\":\"https:\/\/doresco.fr\/\",\"name\":\"Doresco\",\"description\":\"dorure sur bois, sp\\u00e9cialiste de la conservation-restauration de bois dor\\u00e9s\",\"publisher\":{\"@id\":\"https:\/\/doresco.fr\/#organization\"},\"potentialAction\":[{\"@type\":\"SearchAction\",\"target\":\"https:\/\/doresco.fr\/?s={search_term_string}\",\"query-input\":\"required name=search_term_string\"}],\"inLanguage\":\"fr-FR\"},{\"@type\":\"WebPage\",\"@id\":\"https:\/\/doresco.fr\/index.php\/fabrication-de-cadres\/#webpage\",\"url\":\"https:\/\/doresco.fr\/index.php\/fabrication-de-cadres\/\",\"name\":\"Fabrication de Cadres | Doresco\",\"isPartOf\":{\"@id\":\"https:\/\/doresco.fr\/#website\"},\"datePublished\":\"2020-01-24T14:36:55+00:00\",\"dateModified\":\"2020-03-08T12:32:23+00:00\",\"breadcrumb\":{\"@id\":\"https:\/\/doresco.fr\/index.php\/fabrication-de-cadres\/#breadcrumb\"},\"inLanguage\":\"fr-FR\",\"potentialAction\":[{\"@type\":\"ReadAction\",\"target\":[\"https:\/\/doresco.fr\/index.php\/fabrication-de-cadres\/\"]}]},{\"@type\":\"BreadcrumbList\",\"@id\":\"https:\/\/doresco.fr\/index.php\/fabrication-de-cadres\/#breadcrumb\",\"itemListElement\":[{\"@type\":\"ListItem\",\"position\":1,\"item\":{\"@type\":\"WebPage\",\"@id\":\"https:\/\/doresco.fr\/\",\"url\":\"https:\/\/doresco.fr\/\",\"name\":\"Accueil\"}},{\"@type\":\"ListItem\",\"position\":2,\"item\":{\"@type\":\"WebPage\",\"@id\":\"https:\/\/doresco.fr\/index.php\/fabrication-de-cadres\/\",\"url\":\"https:\/\/doresco.fr\/index.php\/fabrication-de-cadres\/\",\"name\":\"Fabrication de Cadres\"}}]}]}<\/script>\n<!-- \/ Yoast SEO plugin. -->","_links":{"self":[{"href":"https:\/\/doresco.fr\/index.php\/wp-json\/wp\/v2\/pages\/134"}],"collection":[{"href":"https:\/\/doresco.fr\/index.php\/wp-json\/wp\/v2\/pages"}],"about":[{"href":"https:\/\/doresco.fr\/index.php\/wp-json\/wp\/v2\/types\/page"}],"author":[{"embeddable":true,"href":"https:\/\/doresco.fr\/index.php\/wp-json\/wp\/v2\/users\/1"}],"replies":[{"embeddable":true,"href":"https:\/\/doresco.fr\/index.php\/wp-json\/wp\/v2\/comments?post=134"}],"version-history":[{"count":19,"href":"https:\/\/doresco.fr\/index.php\/wp-json\/wp\/v2\/pages\/134\/revisions"}],"predecessor-version":[{"id":694,"href":"https:\/\/doresco.fr\/index.php\/wp-json\/wp\/v2\/pages\/134\/revisions\/694"}],"wp:attachment":[{"href":"https:\/\/doresco.fr\/index.php\/wp-json\/wp\/v2\/media?parent=134"}],"curies":[{"name":"wp","href":"https:\/\/api.w.org\/{rel}","templated":true}]}}